{"id":3406,"date":"2025-11-04T16:55:45","date_gmt":"2025-11-04T15:55:45","guid":{"rendered":"https:\/\/photoartiste.fr\/?page_id=3406"},"modified":"2025-12-12T21:39:30","modified_gmt":"2025-12-12T20:39:30","slug":"photos-pole-gan-assurances-nantes","status":"publish","type":"page","link":"https:\/\/photoartiste.fr\/index.php\/photos-pole-gan-assurances-nantes\/","title":{"rendered":"Photos P\u00f4le GAN Assurances Nantes"},"content":{"rendered":"\n<p>Dans le cadre de ma vie professionnelle, j&#8217;ai rejoins les \u00e9quipes des Leaders Ambassadeurs. Je suis leader dans le cadre de GAN marque employeur. J&#8217;ai \u00e9t\u00e9 sollicit\u00e9 pour les photos des Collaborateurs pour la communication externe via LinkedIn et interne. Les Collaborateurs suivants ont exprim\u00e9 leur accord pour publication sur ce site dans le cadre de la l\u00e9gislation applicable en mati\u00e8re de droit \u00e0 l&#8217;image.<\/p>\n\n\n\n<figure class=\"wp-block-image size-large\"><img loading=\"lazy\" decoding=\"async\" width=\"768\" height=\"1024\" src=\"https:\/\/photoartiste.fr\/wp-content\/uploads\/2025\/12\/17103-768x1024.jpg\" alt=\"\" class=\"wp-image-3435\" srcset=\"https:\/\/photoartiste.fr\/wp-content\/uploads\/2025\/12\/17103-768x1024.jpg 768w, https:\/\/photoartiste.fr\/wp-content\/uploads\/2025\/12\/17103-225x300.jpg 225w, https:\/\/photoartiste.fr\/wp-content\/uploads\/2025\/12\/17103-1152x1536.jpg 1152w, https:\/\/photoartiste.fr\/wp-content\/uploads\/2025\/12\/17103-1536x2048.jpg 1536w, https:\/\/photoartiste.fr\/wp-content\/uploads\/2025\/12\/17103-scaled.jpg 1920w\" sizes=\"auto, (max-width: 768px) 100vw, 768px\" \/><figcaption class=\"wp-element-caption\">Typhaine<\/figcaption><\/figure>\n\n\n\n<figure class=\"wp-block-image size-large\"><img loading=\"lazy\" decoding=\"async\" width=\"768\" height=\"1024\" src=\"https:\/\/photoartiste.fr\/wp-content\/uploads\/2025\/11\/14697-768x1024.jpg\" alt=\"\" class=\"wp-image-3408\" srcset=\"https:\/\/photoartiste.fr\/wp-content\/uploads\/2025\/11\/14697-768x1024.jpg 768w, https:\/\/photoartiste.fr\/wp-content\/uploads\/2025\/11\/14697-225x300.jpg 225w, https:\/\/photoartiste.fr\/wp-content\/uploads\/2025\/11\/14697-1152x1536.jpg 1152w, https:\/\/photoartiste.fr\/wp-content\/uploads\/2025\/11\/14697-1536x2048.jpg 1536w, https:\/\/photoartiste.fr\/wp-content\/uploads\/2025\/11\/14697-scaled.jpg 1920w\" sizes=\"auto, (max-width: 768px) 100vw, 768px\" \/><figcaption class=\"wp-element-caption\">Ad\u00e8le<\/figcaption><\/figure>\n\n\n\n<figure class=\"wp-block-image size-large\"><img loading=\"lazy\" decoding=\"async\" width=\"768\" height=\"1024\" src=\"https:\/\/photoartiste.fr\/wp-content\/uploads\/2025\/11\/14704-768x1024.jpg\" alt=\"\" class=\"wp-image-3407\" srcset=\"https:\/\/photoartiste.fr\/wp-content\/uploads\/2025\/11\/14704-768x1024.jpg 768w, https:\/\/photoartiste.fr\/wp-content\/uploads\/2025\/11\/14704-225x300.jpg 225w, https:\/\/photoartiste.fr\/wp-content\/uploads\/2025\/11\/14704-1152x1536.jpg 1152w, https:\/\/photoartiste.fr\/wp-content\/uploads\/2025\/11\/14704-1536x2048.jpg 1536w, https:\/\/photoartiste.fr\/wp-content\/uploads\/2025\/11\/14704-scaled.jpg 1920w\" sizes=\"auto, (max-width: 768px) 100vw, 768px\" \/><figcaption class=\"wp-element-caption\">Damien<\/figcaption><\/figure>\n\n\n\n<figure class=\"wp-block-image size-large\"><img loading=\"lazy\" decoding=\"async\" width=\"768\" height=\"1024\" src=\"https:\/\/photoartiste.fr\/wp-content\/uploads\/2025\/11\/14694-768x1024.jpg\" alt=\"\" class=\"wp-image-3409\" srcset=\"https:\/\/photoartiste.fr\/wp-content\/uploads\/2025\/11\/14694-768x1024.jpg 768w, https:\/\/photoartiste.fr\/wp-content\/uploads\/2025\/11\/14694-225x300.jpg 225w, https:\/\/photoartiste.fr\/wp-content\/uploads\/2025\/11\/14694-1152x1536.jpg 1152w, https:\/\/photoartiste.fr\/wp-content\/uploads\/2025\/11\/14694-1536x2048.jpg 1536w, https:\/\/photoartiste.fr\/wp-content\/uploads\/2025\/11\/14694-scaled.jpg 1920w\" sizes=\"auto, (max-width: 768px) 100vw, 768px\" \/><figcaption class=\"wp-element-caption\">Fabien<\/figcaption><\/figure>\n\n\n\n<figure class=\"wp-block-image size-large\"><img loading=\"lazy\" decoding=\"async\" width=\"768\" height=\"1024\" src=\"https:\/\/photoartiste.fr\/wp-content\/uploads\/2025\/11\/14687-768x1024.jpg\" alt=\"\" class=\"wp-image-3410\" srcset=\"https:\/\/photoartiste.fr\/wp-content\/uploads\/2025\/11\/14687-768x1024.jpg 768w, https:\/\/photoartiste.fr\/wp-content\/uploads\/2025\/11\/14687-225x300.jpg 225w, https:\/\/photoartiste.fr\/wp-content\/uploads\/2025\/11\/14687-1152x1536.jpg 1152w, https:\/\/photoartiste.fr\/wp-content\/uploads\/2025\/11\/14687-1536x2048.jpg 1536w, https:\/\/photoartiste.fr\/wp-content\/uploads\/2025\/11\/14687-scaled.jpg 1920w\" sizes=\"auto, (max-width: 768px) 100vw, 768px\" \/><figcaption class=\"wp-element-caption\">In\u00e8s<\/figcaption><\/figure>\n\n\n\n<figure class=\"wp-block-image size-large\"><img loading=\"lazy\" decoding=\"async\" width=\"768\" height=\"1024\" src=\"https:\/\/photoartiste.fr\/wp-content\/uploads\/2025\/11\/14683-1-768x1024.jpg\" alt=\"\" class=\"wp-image-3411\" srcset=\"https:\/\/photoartiste.fr\/wp-content\/uploads\/2025\/11\/14683-1-768x1024.jpg 768w, https:\/\/photoartiste.fr\/wp-content\/uploads\/2025\/11\/14683-1-225x300.jpg 225w, https:\/\/photoartiste.fr\/wp-content\/uploads\/2025\/11\/14683-1-1152x1536.jpg 1152w, https:\/\/photoartiste.fr\/wp-content\/uploads\/2025\/11\/14683-1-1536x2048.jpg 1536w, https:\/\/photoartiste.fr\/wp-content\/uploads\/2025\/11\/14683-1-scaled.jpg 1920w\" sizes=\"auto, (max-width: 768px) 100vw, 768px\" \/><figcaption class=\"wp-element-caption\">Elodie<\/figcaption><\/figure>\n","protected":false},"excerpt":{"rendered":"<p>Dans le cadre de ma vie professionnelle, j&#8217;ai rejoins les \u00e9quipes des Leaders Ambassadeurs. Je suis leader dans le cadre de GAN marque employeur. J&#8217;ai \u00e9t\u00e9 sollicit\u00e9 pour les photos des Collaborateurs pour la communication externe via LinkedIn et interne. Les Collaborateurs suivants ont exprim\u00e9 leur accord pour publication sur ce site dans le cadre [&hellip;]<\/p>\n","protected":false},"author":1,"featured_media":0,"parent":0,"menu_order":0,"comment_status":"closed","ping_status":"closed","template":"","meta":{"footnotes":""},"class_list":["post-3406","page","type-page","status-publish","hentry"],"_links":{"self":[{"href":"https:\/\/photoartiste.fr\/index.php\/wp-json\/wp\/v2\/pages\/3406","targetHints":{"allow":["GET"]}}],"collection":[{"href":"https:\/\/photoartiste.fr\/index.php\/wp-json\/wp\/v2\/pages"}],"about":[{"href":"https:\/\/photoartiste.fr\/index.php\/wp-json\/wp\/v2\/types\/page"}],"author":[{"embeddable":true,"href":"https:\/\/photoartiste.fr\/index.php\/wp-json\/wp\/v2\/users\/1"}],"replies":[{"embeddable":true,"href":"https:\/\/photoartiste.fr\/index.php\/wp-json\/wp\/v2\/comments?post=3406"}],"version-history":[{"count":3,"href":"https:\/\/photoartiste.fr\/index.php\/wp-json\/wp\/v2\/pages\/3406\/revisions"}],"predecessor-version":[{"id":3437,"href":"https:\/\/photoartiste.fr\/index.php\/wp-json\/wp\/v2\/pages\/3406\/revisions\/3437"}],"wp:attachment":[{"href":"https:\/\/photoartiste.fr\/index.php\/wp-json\/wp\/v2\/media?parent=3406"}],"curies":[{"name":"wp","href":"https:\/\/api.w.org\/{rel}","templated":true}]}}