{"id":324,"date":"2023-10-07T17:45:37","date_gmt":"2023-10-07T15:45:37","guid":{"rendered":"https:\/\/photoartiste.fr\/?page_id=324"},"modified":"2023-11-15T08:27:33","modified_gmt":"2023-11-15T07:27:33","slug":"jeux-de-lumieres","status":"publish","type":"page","link":"https:\/\/photoartiste.fr\/index.php\/jeux-de-lumieres\/","title":{"rendered":"Jeux de lumi\u00e8res"},"content":{"rendered":"\n<p class=\"has-text-align-center\"><strong>Quand la photo\/vid\u00e9o<\/strong><\/p>\n\n\n\n<p class=\"has-text-align-center\"><strong> prends une dimension diff\u00e9rente <\/strong><\/p>\n\n\n\n<p class=\"has-text-align-center\"><strong>avec une luminosit\u00e9 naturelle<\/strong> <strong>ou artificie<\/strong>lle<\/p>\n\n\n\n<figure class=\"wp-block-image size-large\"><img loading=\"lazy\" decoding=\"async\" width=\"768\" height=\"1024\" src=\"https:\/\/photoartiste.fr\/wp-content\/uploads\/2023\/11\/IMG_2909-768x1024.jpeg\" alt=\"\" class=\"wp-image-1223\" srcset=\"https:\/\/photoartiste.fr\/wp-content\/uploads\/2023\/11\/IMG_2909-768x1024.jpeg 768w, https:\/\/photoartiste.fr\/wp-content\/uploads\/2023\/11\/IMG_2909-225x300.jpeg 225w, https:\/\/photoartiste.fr\/wp-content\/uploads\/2023\/11\/IMG_2909-1152x1536.jpeg 1152w, https:\/\/photoartiste.fr\/wp-content\/uploads\/2023\/11\/IMG_2909-1536x2048.jpeg 1536w, https:\/\/photoartiste.fr\/wp-content\/uploads\/2023\/11\/IMG_2909-scaled.jpeg 1920w\" sizes=\"auto, (max-width: 768px) 100vw, 768px\" \/><\/figure>\n\n\n\n<figure class=\"wp-block-image size-large\"><img loading=\"lazy\" decoding=\"async\" width=\"768\" height=\"1024\" src=\"https:\/\/photoartiste.fr\/wp-content\/uploads\/2023\/11\/IMG_2898-768x1024.jpeg\" alt=\"\" class=\"wp-image-1219\" srcset=\"https:\/\/photoartiste.fr\/wp-content\/uploads\/2023\/11\/IMG_2898-768x1024.jpeg 768w, https:\/\/photoartiste.fr\/wp-content\/uploads\/2023\/11\/IMG_2898-225x300.jpeg 225w, https:\/\/photoartiste.fr\/wp-content\/uploads\/2023\/11\/IMG_2898-1152x1536.jpeg 1152w, https:\/\/photoartiste.fr\/wp-content\/uploads\/2023\/11\/IMG_2898-1536x2048.jpeg 1536w, https:\/\/photoartiste.fr\/wp-content\/uploads\/2023\/11\/IMG_2898-scaled.jpeg 1920w\" sizes=\"auto, (max-width: 768px) 100vw, 768px\" \/><\/figure>\n\n\n\n<figure class=\"wp-block-image size-large\"><img loading=\"lazy\" decoding=\"async\" width=\"768\" height=\"1024\" src=\"https:\/\/photoartiste.fr\/wp-content\/uploads\/2023\/11\/IMG_2876-768x1024.jpeg\" alt=\"\" class=\"wp-image-1217\" srcset=\"https:\/\/photoartiste.fr\/wp-content\/uploads\/2023\/11\/IMG_2876-768x1024.jpeg 768w, https:\/\/photoartiste.fr\/wp-content\/uploads\/2023\/11\/IMG_2876-225x300.jpeg 225w, https:\/\/photoartiste.fr\/wp-content\/uploads\/2023\/11\/IMG_2876-1152x1536.jpeg 1152w, https:\/\/photoartiste.fr\/wp-content\/uploads\/2023\/11\/IMG_2876-1536x2048.jpeg 1536w, https:\/\/photoartiste.fr\/wp-content\/uploads\/2023\/11\/IMG_2876-scaled.jpeg 1920w\" sizes=\"auto, (max-width: 768px) 100vw, 768px\" \/><\/figure>\n\n\n\n<figure class=\"wp-block-image size-large\"><img loading=\"lazy\" decoding=\"async\" width=\"768\" height=\"1024\" src=\"https:\/\/photoartiste.fr\/wp-content\/uploads\/2023\/11\/IMG_2827-768x1024.jpeg\" alt=\"\" class=\"wp-image-1215\" srcset=\"https:\/\/photoartiste.fr\/wp-content\/uploads\/2023\/11\/IMG_2827-768x1024.jpeg 768w, https:\/\/photoartiste.fr\/wp-content\/uploads\/2023\/11\/IMG_2827-225x300.jpeg 225w, https:\/\/photoartiste.fr\/wp-content\/uploads\/2023\/11\/IMG_2827-1152x1536.jpeg 1152w, https:\/\/photoartiste.fr\/wp-content\/uploads\/2023\/11\/IMG_2827-1536x2048.jpeg 1536w, https:\/\/photoartiste.fr\/wp-content\/uploads\/2023\/11\/IMG_2827-scaled.jpeg 1920w\" sizes=\"auto, (max-width: 768px) 100vw, 768px\" \/><\/figure>\n\n\n\n<figure class=\"wp-block-video\"><video height=\"720\" style=\"aspect-ratio: 1280 \/ 720;\" width=\"1280\" controls src=\"https:\/\/photoartiste.fr\/wp-content\/uploads\/2023\/10\/IMG_1958-1.mov\"><\/video><figcaption class=\"wp-element-caption\">Cou\u00e9ron &#8211; Embarcad\u00e8re du bac<\/figcaption><\/figure>\n\n\n\n<figure class=\"wp-block-image size-large\"><img loading=\"lazy\" decoding=\"async\" width=\"768\" height=\"1024\" src=\"https:\/\/photoartiste.fr\/wp-content\/uploads\/2023\/10\/IMG_1720-768x1024.jpeg\" alt=\"\" class=\"wp-image-791\" srcset=\"https:\/\/photoartiste.fr\/wp-content\/uploads\/2023\/10\/IMG_1720-768x1024.jpeg 768w, https:\/\/photoartiste.fr\/wp-content\/uploads\/2023\/10\/IMG_1720-225x300.jpeg 225w, https:\/\/photoartiste.fr\/wp-content\/uploads\/2023\/10\/IMG_1720-1152x1536.jpeg 1152w, https:\/\/photoartiste.fr\/wp-content\/uploads\/2023\/10\/IMG_1720-1536x2048.jpeg 1536w, https:\/\/photoartiste.fr\/wp-content\/uploads\/2023\/10\/IMG_1720-scaled.jpeg 1920w\" sizes=\"auto, (max-width: 768px) 100vw, 768px\" \/><figcaption class=\"wp-element-caption\">Brendan Perry au St\u00e9r\u00e9olux de Nantes<\/figcaption><\/figure>\n\n\n\n<figure class=\"wp-block-image size-large\"><img loading=\"lazy\" decoding=\"async\" width=\"768\" height=\"1024\" src=\"https:\/\/photoartiste.fr\/wp-content\/uploads\/2023\/10\/IMG_0279-768x1024.jpeg\" alt=\"\" class=\"wp-image-792\" srcset=\"https:\/\/photoartiste.fr\/wp-content\/uploads\/2023\/10\/IMG_0279-768x1024.jpeg 768w, https:\/\/photoartiste.fr\/wp-content\/uploads\/2023\/10\/IMG_0279-225x300.jpeg 225w, https:\/\/photoartiste.fr\/wp-content\/uploads\/2023\/10\/IMG_0279-1152x1536.jpeg 1152w, https:\/\/photoartiste.fr\/wp-content\/uploads\/2023\/10\/IMG_0279-1536x2048.jpeg 1536w, https:\/\/photoartiste.fr\/wp-content\/uploads\/2023\/10\/IMG_0279-scaled.jpeg 1920w\" sizes=\"auto, (max-width: 768px) 100vw, 768px\" \/><figcaption class=\"wp-element-caption\">Lyon<\/figcaption><\/figure>\n\n\n\n<figure class=\"wp-block-image size-large\"><img loading=\"lazy\" decoding=\"async\" width=\"768\" height=\"1024\" src=\"https:\/\/photoartiste.fr\/wp-content\/uploads\/2023\/10\/IMG_0276-768x1024.jpeg\" alt=\"\" class=\"wp-image-793\" srcset=\"https:\/\/photoartiste.fr\/wp-content\/uploads\/2023\/10\/IMG_0276-768x1024.jpeg 768w, https:\/\/photoartiste.fr\/wp-content\/uploads\/2023\/10\/IMG_0276-225x300.jpeg 225w, https:\/\/photoartiste.fr\/wp-content\/uploads\/2023\/10\/IMG_0276-1152x1536.jpeg 1152w, https:\/\/photoartiste.fr\/wp-content\/uploads\/2023\/10\/IMG_0276-1536x2048.jpeg 1536w, https:\/\/photoartiste.fr\/wp-content\/uploads\/2023\/10\/IMG_0276-scaled.jpeg 1920w\" sizes=\"auto, (max-width: 768px) 100vw, 768px\" \/><figcaption class=\"wp-element-caption\">Lyon<\/figcaption><\/figure>\n\n\n\n<figure class=\"wp-block-image size-large\"><img loading=\"lazy\" decoding=\"async\" width=\"768\" height=\"1024\" src=\"https:\/\/photoartiste.fr\/wp-content\/uploads\/2023\/10\/IMG_0284-768x1024.jpeg\" alt=\"\" class=\"wp-image-794\" srcset=\"https:\/\/photoartiste.fr\/wp-content\/uploads\/2023\/10\/IMG_0284-768x1024.jpeg 768w, https:\/\/photoartiste.fr\/wp-content\/uploads\/2023\/10\/IMG_0284-225x300.jpeg 225w, https:\/\/photoartiste.fr\/wp-content\/uploads\/2023\/10\/IMG_0284-1152x1536.jpeg 1152w, https:\/\/photoartiste.fr\/wp-content\/uploads\/2023\/10\/IMG_0284-1536x2048.jpeg 1536w, https:\/\/photoartiste.fr\/wp-content\/uploads\/2023\/10\/IMG_0284-scaled.jpeg 1920w\" sizes=\"auto, (max-width: 768px) 100vw, 768px\" \/><figcaption class=\"wp-element-caption\">Lyon<\/figcaption><\/figure>\n\n\n\n<figure class=\"wp-block-image size-full\"><img decoding=\"async\" src=\"http:\/\/photoartiste.fr\/wp-content\/uploads\/2023\/10\/IMG_1960-1.jpeg\" alt=\"\" class=\"wp-image-724\"\/><figcaption class=\"wp-element-caption\">Bac Cou\u00e9ron &#8211; Le Pellerin<\/figcaption><\/figure>\n\n\n\n<figure class=\"wp-block-image size-large\"><img loading=\"lazy\" decoding=\"async\" width=\"1024\" height=\"1024\" src=\"http:\/\/photoartiste.fr\/wp-content\/uploads\/2023\/10\/C198FDA1-5CAC-441A-8E88-5F173B60F49A-1024x1024.jpg\" alt=\"\" class=\"wp-image-599\" srcset=\"https:\/\/photoartiste.fr\/wp-content\/uploads\/2023\/10\/C198FDA1-5CAC-441A-8E88-5F173B60F49A-1024x1024.jpg 1024w, https:\/\/photoartiste.fr\/wp-content\/uploads\/2023\/10\/C198FDA1-5CAC-441A-8E88-5F173B60F49A-300x300.jpg 300w, https:\/\/photoartiste.fr\/wp-content\/uploads\/2023\/10\/C198FDA1-5CAC-441A-8E88-5F173B60F49A-150x150.jpg 150w, https:\/\/photoartiste.fr\/wp-content\/uploads\/2023\/10\/C198FDA1-5CAC-441A-8E88-5F173B60F49A-768x768.jpg 768w, https:\/\/photoartiste.fr\/wp-content\/uploads\/2023\/10\/C198FDA1-5CAC-441A-8E88-5F173B60F49A-1536x1536.jpg 1536w, https:\/\/photoartiste.fr\/wp-content\/uploads\/2023\/10\/C198FDA1-5CAC-441A-8E88-5F173B60F49A-2048x2048.jpg 2048w\" sizes=\"auto, (max-width: 1024px) 100vw, 1024px\" \/><figcaption class=\"wp-element-caption\">Le Pellerin, de nuit<\/figcaption><\/figure>\n\n\n\n<figure class=\"wp-block-image size-large\"><img loading=\"lazy\" decoding=\"async\" width=\"768\" height=\"1024\" src=\"https:\/\/photoartiste.fr\/wp-content\/uploads\/2023\/10\/IMG_2127-768x1024.jpeg\" alt=\"\" class=\"wp-image-1113\" srcset=\"https:\/\/photoartiste.fr\/wp-content\/uploads\/2023\/10\/IMG_2127-768x1024.jpeg 768w, https:\/\/photoartiste.fr\/wp-content\/uploads\/2023\/10\/IMG_2127-225x300.jpeg 225w, https:\/\/photoartiste.fr\/wp-content\/uploads\/2023\/10\/IMG_2127-1152x1536.jpeg 1152w, https:\/\/photoartiste.fr\/wp-content\/uploads\/2023\/10\/IMG_2127-1536x2048.jpeg 1536w, https:\/\/photoartiste.fr\/wp-content\/uploads\/2023\/10\/IMG_2127-scaled.jpeg 1920w\" sizes=\"auto, (max-width: 768px) 100vw, 768px\" \/><\/figure>\n","protected":false},"excerpt":{"rendered":"<p>Quand la photo\/vid\u00e9o prends une dimension diff\u00e9rente avec une luminosit\u00e9 naturelle ou artificielle<\/p>\n","protected":false},"author":1,"featured_media":0,"parent":0,"menu_order":0,"comment_status":"closed","ping_status":"closed","template":"","meta":{"footnotes":""},"class_list":["post-324","page","type-page","status-publish","hentry"],"_links":{"self":[{"href":"https:\/\/photoartiste.fr\/index.php\/wp-json\/wp\/v2\/pages\/324","targetHints":{"allow":["GET"]}}],"collection":[{"href":"https:\/\/photoartiste.fr\/index.php\/wp-json\/wp\/v2\/pages"}],"about":[{"href":"https:\/\/photoartiste.fr\/index.php\/wp-json\/wp\/v2\/types\/page"}],"author":[{"embeddable":true,"href":"https:\/\/photoartiste.fr\/index.php\/wp-json\/wp\/v2\/users\/1"}],"replies":[{"embeddable":true,"href":"https:\/\/photoartiste.fr\/index.php\/wp-json\/wp\/v2\/comments?post=324"}],"version-history":[{"count":12,"href":"https:\/\/photoartiste.fr\/index.php\/wp-json\/wp\/v2\/pages\/324\/revisions"}],"predecessor-version":[{"id":1225,"href":"https:\/\/photoartiste.fr\/index.php\/wp-json\/wp\/v2\/pages\/324\/revisions\/1225"}],"wp:attachment":[{"href":"https:\/\/photoartiste.fr\/index.php\/wp-json\/wp\/v2\/media?parent=324"}],"curies":[{"name":"wp","href":"https:\/\/api.w.org\/{rel}","templated":true}]}}